{"id":1009,"date":"2023-08-09T09:09:16","date_gmt":"2023-08-09T09:09:16","guid":{"rendered":"https:\/\/biennale-bacs.com\/?page_id=1009"},"modified":"2023-08-09T09:44:12","modified_gmt":"2023-08-09T09:44:12","slug":"ciro-li-vigni","status":"publish","type":"page","link":"https:\/\/biennale-bacs.com\/index.php\/ciro-li-vigni\/","title":{"rendered":"Ciro Li Vigni"},"content":{"rendered":"\n<div class=\"wp-block-media-text alignwide\"><figure class=\"wp-block-media-text__media\"><img loading=\"lazy\" decoding=\"async\" width=\"451\" height=\"640\" src=\"https:\/\/biennale-bacs.com\/wp-content\/uploads\/2023\/08\/ciro-li-vigni.jpeg\" alt=\"\" class=\"wp-image-1010\" srcset=\"https:\/\/biennale-bacs.com\/wp-content\/uploads\/2023\/08\/ciro-li-vigni.jpeg 451w, https:\/\/biennale-bacs.com\/wp-content\/uploads\/2023\/08\/ciro-li-vigni-211x300.jpeg 211w\" sizes=\"auto, (max-width: 451px) 100vw, 451px\" \/><\/figure><div class=\"wp-block-media-text__content\">\n<p class=\"has-large-font-size\"><\/p>\n<\/div><\/div>\n\n\n\n<p><br><strong>Exposition personnelle de Ciro Li Vigni \u00e0 Menton<\/strong><\/p>\n\n\n\n<p><br>\u00ab Nature Abstraite \u00bb est le titre de cette exposition qui pr\u00e9sente le travail de Ciro Li Vigni.<\/p>\n\n\n\n<p>L&#8217;exposition se d\u00e9roule dans les salles du GAM (Galerie des Ambassadeurs Menton), au Palais des Ambassadeurs et est organis\u00e9e par la BACS (Biennale d&#8217;Art Contemporain Sacr\u00e9 &#8211;&nbsp;<a href=\"http:\/\/www.biennale-bacs.com\/\">www.biennale-bacs.com<\/a>).<\/p>\n\n\n\n<p><br>Palace des Ambassadeurs &#8211; 3 rue Partouneaux &#8211; Menton<\/p>\n\n\n\n<p><strong>Tous les jours, du 15 ao\u00fbt au 15 septembre 2023, de 10h00 \u00e0 19h00.<\/strong><\/p>\n\n\n\n<p><em>ENTR\u00c9E LIBRE.<\/em><\/p>\n\n\n\n<figure class=\"wp-block-image\"><img loading=\"lazy\" decoding=\"async\" width=\"729\" height=\"1024\" src=\"https:\/\/biennale-bacs.com\/wp-content\/uploads\/2023\/08\/CiroLiVigni-1-729x1024.png\" alt=\"\" class=\"wp-image-1024\" srcset=\"https:\/\/biennale-bacs.com\/wp-content\/uploads\/2023\/08\/CiroLiVigni-1-729x1024.png 729w, https:\/\/biennale-bacs.com\/wp-content\/uploads\/2023\/08\/CiroLiVigni-1-213x300.png 213w, https:\/\/biennale-bacs.com\/wp-content\/uploads\/2023\/08\/CiroLiVigni-1-768x1079.png 768w, https:\/\/biennale-bacs.com\/wp-content\/uploads\/2023\/08\/CiroLiVigni-1.png 1288w\" sizes=\"auto, (max-width: 729px) 100vw, 729px\" \/><figcaption>CATALOGUE DE L&#8217;EXPOSITION<\/figcaption><\/figure>\n","protected":false},"excerpt":{"rendered":"<p>Exposition personnelle de Ciro Li Vigni \u00e0 Menton \u00ab Nature Abstraite \u00bb est le titre de cette exposition qui pr\u00e9sente le travail de Ciro Li Vigni. L&#8217;exposition se d\u00e9roule dans les salles du GAM (Galerie des Ambassadeurs Menton), au Palais des Ambassadeurs et est organis\u00e9e&nbsp;<a class=\"read-more\" href=\"https:\/\/biennale-bacs.com\/index.php\/ciro-li-vigni\/\">&hellip;<\/a><\/p>\n","protected":false},"author":1,"featured_media":0,"parent":0,"menu_order":0,"comment_status":"closed","ping_status":"closed","template":"","meta":{"ngg_post_thumbnail":0,"footnotes":""},"class_list":["post-1009","page","type-page","status-publish","hentry"],"_links":{"self":[{"href":"https:\/\/biennale-bacs.com\/index.php\/wp-json\/wp\/v2\/pages\/1009","targetHints":{"allow":["GET"]}}],"collection":[{"href":"https:\/\/biennale-bacs.com\/index.php\/wp-json\/wp\/v2\/pages"}],"about":[{"href":"https:\/\/biennale-bacs.com\/index.php\/wp-json\/wp\/v2\/types\/page"}],"author":[{"embeddable":true,"href":"https:\/\/biennale-bacs.com\/index.php\/wp-json\/wp\/v2\/users\/1"}],"replies":[{"embeddable":true,"href":"https:\/\/biennale-bacs.com\/index.php\/wp-json\/wp\/v2\/comments?post=1009"}],"version-history":[{"count":11,"href":"https:\/\/biennale-bacs.com\/index.php\/wp-json\/wp\/v2\/pages\/1009\/revisions"}],"predecessor-version":[{"id":1025,"href":"https:\/\/biennale-bacs.com\/index.php\/wp-json\/wp\/v2\/pages\/1009\/revisions\/1025"}],"wp:attachment":[{"href":"https:\/\/biennale-bacs.com\/index.php\/wp-json\/wp\/v2\/media?parent=1009"}],"curies":[{"name":"wp","href":"https:\/\/api.w.org\/{rel}","templated":true}]}}