{"id":1031,"date":"2023-08-09T10:02:01","date_gmt":"2023-08-09T10:02:01","guid":{"rendered":"https:\/\/biennale-bacs.com\/?page_id=1031"},"modified":"2023-08-09T10:02:02","modified_gmt":"2023-08-09T10:02:02","slug":"jean-villeri","status":"publish","type":"page","link":"https:\/\/biennale-bacs.com\/index.php\/jean-villeri\/","title":{"rendered":"Jean Villeri"},"content":{"rendered":"\n<p><br><strong>Exposition personnelle de Jean Villeri \u00e0 Menton<\/strong><\/p>\n\n\n\n<p><br>\u00ab M\u00e9moire involontaire \u00bb est le titre de cette exposition qui pr\u00e9sente le travail de Jean Villeri.<\/p>\n\n\n\n<p>L&#8217;exposition se d\u00e9roule dans les salles du GAM (Galerie des Ambassadeurs Menton), au Palais des Ambassadeurs et est organis\u00e9e par la BACS (Biennale d&#8217;Art Contemporain Sacr\u00e9 &#8211;&nbsp;<a href=\"http:\/\/www.biennale-bacs.com\/\">www.biennale-bacs.com<\/a>).<\/p>\n\n\n\n<p><br>Palace des Ambassadeurs &#8211; 3 rue Partouneaux &#8211; Menton<\/p>\n\n\n\n<figure class=\"wp-block-image\"><img loading=\"lazy\" decoding=\"async\" width=\"732\" height=\"1024\" src=\"https:\/\/biennale-bacs.com\/wp-content\/uploads\/2023\/08\/JeanVilleri-732x1024.png\" alt=\"\" class=\"wp-image-1032\" srcset=\"https:\/\/biennale-bacs.com\/wp-content\/uploads\/2023\/08\/JeanVilleri-732x1024.png 732w, https:\/\/biennale-bacs.com\/wp-content\/uploads\/2023\/08\/JeanVilleri-215x300.png 215w, https:\/\/biennale-bacs.com\/wp-content\/uploads\/2023\/08\/JeanVilleri-768x1074.png 768w, https:\/\/biennale-bacs.com\/wp-content\/uploads\/2023\/08\/JeanVilleri.png 1296w\" sizes=\"auto, (max-width: 732px) 100vw, 732px\" \/><figcaption>CATALOGUE DE L&#8217;EXPOSITION<\/figcaption><\/figure>\n","protected":false},"excerpt":{"rendered":"<p>Exposition personnelle de Jean Villeri \u00e0 Menton \u00ab M\u00e9moire involontaire \u00bb est le titre de cette exposition qui pr\u00e9sente le travail de Jean Villeri. L&#8217;exposition se d\u00e9roule dans les salles du GAM (Galerie des Ambassadeurs Menton), au Palais des Ambassadeurs et est organis\u00e9e par la&nbsp;<a class=\"read-more\" href=\"https:\/\/biennale-bacs.com\/index.php\/jean-villeri\/\">&hellip;<\/a><\/p>\n","protected":false},"author":1,"featured_media":0,"parent":0,"menu_order":0,"comment_status":"closed","ping_status":"closed","template":"","meta":{"ngg_post_thumbnail":0,"footnotes":""},"class_list":["post-1031","page","type-page","status-publish","hentry"],"_links":{"self":[{"href":"https:\/\/biennale-bacs.com\/index.php\/wp-json\/wp\/v2\/pages\/1031","targetHints":{"allow":["GET"]}}],"collection":[{"href":"https:\/\/biennale-bacs.com\/index.php\/wp-json\/wp\/v2\/pages"}],"about":[{"href":"https:\/\/biennale-bacs.com\/index.php\/wp-json\/wp\/v2\/types\/page"}],"author":[{"embeddable":true,"href":"https:\/\/biennale-bacs.com\/index.php\/wp-json\/wp\/v2\/users\/1"}],"replies":[{"embeddable":true,"href":"https:\/\/biennale-bacs.com\/index.php\/wp-json\/wp\/v2\/comments?post=1031"}],"version-history":[{"count":1,"href":"https:\/\/biennale-bacs.com\/index.php\/wp-json\/wp\/v2\/pages\/1031\/revisions"}],"predecessor-version":[{"id":1033,"href":"https:\/\/biennale-bacs.com\/index.php\/wp-json\/wp\/v2\/pages\/1031\/revisions\/1033"}],"wp:attachment":[{"href":"https:\/\/biennale-bacs.com\/index.php\/wp-json\/wp\/v2\/media?parent=1031"}],"curies":[{"name":"wp","href":"https:\/\/api.w.org\/{rel}","templated":true}]}}