{"id":1035,"date":"2023-08-09T10:05:17","date_gmt":"2023-08-09T10:05:17","guid":{"rendered":"https:\/\/biennale-bacs.com\/?page_id=1035"},"modified":"2023-08-09T10:05:18","modified_gmt":"2023-08-09T10:05:18","slug":"kim-boulukos","status":"publish","type":"page","link":"https:\/\/biennale-bacs.com\/index.php\/kim-boulukos\/","title":{"rendered":"Kim Boulukos"},"content":{"rendered":"\n<p><br><strong>Exposition personnelle de Kim Boulukos \u00e0 Menton<\/strong><\/p>\n\n\n\n<p><br>\u00ab Sublime beaut\u00e9 \u00bb est le titre de cette exposition qui pr\u00e9sente le travail de Kim Boulukos.<\/p>\n\n\n\n<p>L&#8217;exposition se d\u00e9roule dans les salles du GAM (Galerie des Ambassadeurs Menton), au Palais des Ambassadeurs et est organis\u00e9e par la BACS (Biennale d&#8217;Art Contemporain Sacr\u00e9 &#8211;&nbsp;<a href=\"http:\/\/www.biennale-bacs.com\/\">www.biennale-bacs.com<\/a>).<\/p>\n\n\n\n<p><br>Palace des Ambassadeurs &#8211; 3 rue Partouneaux &#8211; Menton<\/p>\n\n\n\n<figure class=\"wp-block-image\"><img loading=\"lazy\" decoding=\"async\" width=\"731\" height=\"1024\" src=\"https:\/\/biennale-bacs.com\/wp-content\/uploads\/2023\/08\/KimBoulukos-731x1024.png\" alt=\"\" class=\"wp-image-1036\" srcset=\"https:\/\/biennale-bacs.com\/wp-content\/uploads\/2023\/08\/KimBoulukos-731x1024.png 731w, https:\/\/biennale-bacs.com\/wp-content\/uploads\/2023\/08\/KimBoulukos-214x300.png 214w, https:\/\/biennale-bacs.com\/wp-content\/uploads\/2023\/08\/KimBoulukos-768x1076.png 768w, https:\/\/biennale-bacs.com\/wp-content\/uploads\/2023\/08\/KimBoulukos.png 1288w\" sizes=\"auto, (max-width: 731px) 100vw, 731px\" \/><figcaption>CATALOGUE DE L&#8217;EXPOSITION<\/figcaption><\/figure>\n","protected":false},"excerpt":{"rendered":"<p>Exposition personnelle de Kim Boulukos \u00e0 Menton \u00ab Sublime beaut\u00e9 \u00bb est le titre de cette exposition qui pr\u00e9sente le travail de Kim Boulukos. L&#8217;exposition se d\u00e9roule dans les salles du GAM (Galerie des Ambassadeurs Menton), au Palais des Ambassadeurs et est organis\u00e9e par la&nbsp;<a class=\"read-more\" href=\"https:\/\/biennale-bacs.com\/index.php\/kim-boulukos\/\">&hellip;<\/a><\/p>\n","protected":false},"author":1,"featured_media":0,"parent":0,"menu_order":0,"comment_status":"closed","ping_status":"closed","template":"","meta":{"ngg_post_thumbnail":0,"footnotes":""},"class_list":["post-1035","page","type-page","status-publish","hentry"],"_links":{"self":[{"href":"https:\/\/biennale-bacs.com\/index.php\/wp-json\/wp\/v2\/pages\/1035","targetHints":{"allow":["GET"]}}],"collection":[{"href":"https:\/\/biennale-bacs.com\/index.php\/wp-json\/wp\/v2\/pages"}],"about":[{"href":"https:\/\/biennale-bacs.com\/index.php\/wp-json\/wp\/v2\/types\/page"}],"author":[{"embeddable":true,"href":"https:\/\/biennale-bacs.com\/index.php\/wp-json\/wp\/v2\/users\/1"}],"replies":[{"embeddable":true,"href":"https:\/\/biennale-bacs.com\/index.php\/wp-json\/wp\/v2\/comments?post=1035"}],"version-history":[{"count":1,"href":"https:\/\/biennale-bacs.com\/index.php\/wp-json\/wp\/v2\/pages\/1035\/revisions"}],"predecessor-version":[{"id":1037,"href":"https:\/\/biennale-bacs.com\/index.php\/wp-json\/wp\/v2\/pages\/1035\/revisions\/1037"}],"wp:attachment":[{"href":"https:\/\/biennale-bacs.com\/index.php\/wp-json\/wp\/v2\/media?parent=1035"}],"curies":[{"name":"wp","href":"https:\/\/api.w.org\/{rel}","templated":true}]}}