{"id":239,"date":"2019-09-02T09:08:41","date_gmt":"2019-09-02T09:08:41","guid":{"rendered":"http:\/\/biennale-bacs.com\/?page_id=239"},"modified":"2019-09-11T19:02:56","modified_gmt":"2019-09-11T19:02:56","slug":"invited-artists","status":"publish","type":"page","link":"https:\/\/biennale-bacs.com\/index.php\/invited-artists\/","title":{"rendered":"Invited Artists"},"content":{"rendered":"\n<p>Algarco<br> Patrizia Almonti<br> Gabriele Amor<br> Anval <br> Artemide<br> Bruno Cerboni Bajardi<br> Giacomo Balla<br> Banksy<br> Gigliola Belli<br> Caroleena Bingham<br> Hugo Bogo<br> Maria Bologna<br> Kim Boulukos<br> Stanley Boydston<br> Marcel Breuer<br> Fran Bull<br> Mariangela Da Campo Cappellesso<br> Giovanni di Carpegna Falconieri<br> Massimo Cattalani<br> Christo<br> Christiane Delgado (Rivierakris)<br> Marcel Duchamps<br> Marcello Dudovich <br> Zeng Fanzhi<br> Jean-Fran\u00e7ois Ferrandez<br> Brian Finch<br> Giuseppe Galli<br> Amalie Galstyan<br> Christophe Gastaldi<br> Luigi Gattinara<br> Simon Gavina<br> Gaspare Gisone<br> Eileen Gray<br> Sandy Heffernan<br> Damien Hirst<br> Fran\u00e7ois Jacquot<br> George K.<br> David Gabriel Kavafy<br> Alexis Kersey<br> Anselm Kiefer<br> Massimiliano Kornm\u00fcller<br> Jannis Kounellis<br> Antonio Laurelli<br> Andr\u00e9 Laurenti<br> Michele Liparesi<br> Nicola Lisanti<br> Ross Lovegrove<br> Sergio Massetti<br> Sebastian Matta<br> Salvatore Milano<br> John David Mooney<br> Antonio Mussari<br> Mannish Nai<br> Yoshitomo Nara<br> Meret Oppenheim<br> Rajesh Eknath Patil<br> Francesco Perilli<br> Miro Persolja<br> Lorenzo Pesce<br> Ezio Della Piazza<br> Giorgio Pica<br> Christian Pinson<br> Michelangelo Pistoletto<br> Silvia Polizzi<br> Arnaldo Pomodoro<br> Gio Ponti<br> Concetto Pozzati<br> Antwan Ramar<br> Parwin Ravan<br> Man Ray<br> Gerhard Richter<br> Franco Rota Candiani<br> Souheil Salam\u00e9 <br> Patrizia A. Salles<br> Raymond Santoro<br> Carlo Scarpa<br> Tobia Scarpa<br> Constanza L. Schlichting<br> Silvia del Secco<br> Claudio Della Selva<br> Bhavna Sonawana<br> Ernesto Spinelli<br> Graham Sutherland<br> Kazuhide Takahama<br> Joe Tilson<br> Alberto Trebeschi<br> Patrick Varotto<br> Leonardo Venezia<br> Luca Vitone <br> L\u00e9o Wesel <br> Caterina Zavattaro<br> Eva Zeisel<\/p>\n","protected":false},"excerpt":{"rendered":"<p>Algarco Patrizia Almonti Gabriele Amor Anval Artemide Bruno Cerboni Bajardi Giacomo Balla Banksy Gigliola Belli Caroleena Bingham Hugo Bogo Maria Bologna Kim Boulukos Stanley Boydston Marcel Breuer Fran Bull Mariangela Da Campo Cappellesso Giovanni di Carpegna Falconieri Massimo Cattalani Christo Christiane Delgado (Rivierakris) Marcel Duchamps&nbsp;<a class=\"read-more\" href=\"https:\/\/biennale-bacs.com\/index.php\/invited-artists\/\">&hellip;<\/a><\/p>\n","protected":false},"author":1,"featured_media":0,"parent":0,"menu_order":0,"comment_status":"closed","ping_status":"closed","template":"","meta":{"ngg_post_thumbnail":0,"footnotes":""},"class_list":["post-239","page","type-page","status-publish","hentry"],"_links":{"self":[{"href":"https:\/\/biennale-bacs.com\/index.php\/wp-json\/wp\/v2\/pages\/239","targetHints":{"allow":["GET"]}}],"collection":[{"href":"https:\/\/biennale-bacs.com\/index.php\/wp-json\/wp\/v2\/pages"}],"about":[{"href":"https:\/\/biennale-bacs.com\/index.php\/wp-json\/wp\/v2\/types\/page"}],"author":[{"embeddable":true,"href":"https:\/\/biennale-bacs.com\/index.php\/wp-json\/wp\/v2\/users\/1"}],"replies":[{"embeddable":true,"href":"https:\/\/biennale-bacs.com\/index.php\/wp-json\/wp\/v2\/comments?post=239"}],"version-history":[{"count":2,"href":"https:\/\/biennale-bacs.com\/index.php\/wp-json\/wp\/v2\/pages\/239\/revisions"}],"predecessor-version":[{"id":261,"href":"https:\/\/biennale-bacs.com\/index.php\/wp-json\/wp\/v2\/pages\/239\/revisions\/261"}],"wp:attachment":[{"href":"https:\/\/biennale-bacs.com\/index.php\/wp-json\/wp\/v2\/media?parent=239"}],"curies":[{"name":"wp","href":"https:\/\/api.w.org\/{rel}","templated":true}]}}