{"id":271,"date":"2019-09-17T12:03:55","date_gmt":"2019-09-17T12:03:55","guid":{"rendered":"http:\/\/biennale-bacs.com\/?page_id=271"},"modified":"2019-09-17T12:12:20","modified_gmt":"2019-09-17T12:12:20","slug":"communique-de-presse","status":"publish","type":"page","link":"https:\/\/biennale-bacs.com\/index.php\/communique-de-presse\/","title":{"rendered":"Communiqu\u00e9 de presse"},"content":{"rendered":"\n<p>La premi\u00e8re Biennale d\u2019Art Contemporain Sacr\u00e9 de Menton ouvrira ses portes de 1er au 31 Octobre au Grand H\u00f4tel des Ambassadeurs. Cette premi\u00e8re \u00e9dition est intitul\u00e9e \u00ab Ode \u00e0 la vie \u00bb.<\/p>\n\n\n\n<p>Plus de 200 artistes venus du monde entier (dont 35 des plus c\u00f4t\u00e9s) : Europe mais aussi Asie (Inde, Japon et Chine), Am\u00e9rique du Sud (Argentine et Bolivie) ou encore Nouvelle Z\u00e9elande, Australie et Afrique du Sud ainsi que \u00c9tats-Unis, Canada et Russie sont r\u00e9unis.<\/p>\n\n\n\n<p>Six espaces diff\u00e9rents sont organis\u00e9s par th\u00e8me dont une exposition prestigieuse rendant hommage aux plus grands artistes contemporains disparus comme Basquiat, Kounillis, Chagall, Rauschenberg, Fontana, Cocteau, Dal\u00ec, Calder, Haring \u2026<\/p>\n\n\n\n<p>Les grands artistes vivants sont pr\u00e9sents aussi avec leurs \u0153uvres : Banksy, Damien Hirst, Joe Tilson, Enrico Baj, Daphne du Barry, Vasco Bendini, Brian Finch, Yayoi Kusama et autres encore.<\/p>\n\n\n\n<p>Plus de 200 \u0153uvres \u2013 peintures, sculptures, photographies, cin\u00e9ma, musique, litt\u00e9rature, architecture et design \u2013 sont expos\u00e9es.<\/p>\n\n\n\n<p>\u00c0 l\u2019occasion de l\u2019inauguration, une sculpture monumentale sera install\u00e9e d\u00e9finitivement. Dans l\u2019un des jardins du Grand H\u00f4tel des Ambassadeurs, la sculpture nomm\u00e9e Notre-Dame des Innocents de l\u2019artiste n\u00e9erlandaise Daphn\u00e9 du Barry, sera pr\u00e9sent\u00e9e au grand public et sera visible par les passants au quotidien. En accord avec le th\u00e8me de la Biennale, cette \u0153uvre aura pour vocation de devenir un lieu de p\u00e8lerinage pour les personnes essayant d\u2019avoir un enfant ou ayant des difficult\u00e9s avec leur prog\u00e9niture.<\/p>\n\n\n\n<p><\/p>\n\n\n\n<p><br><strong>BACS (Biennale d\u2019Art Contemporain Sacr\u00e9)<\/strong><br>www.biennale-bacs.com<br>Email: contact@biennale-bacs.com<\/p>\n","protected":false},"excerpt":{"rendered":"<p>La premi\u00e8re Biennale d\u2019Art Contemporain Sacr\u00e9 de Menton ouvrira ses portes de 1er au 31 Octobre au Grand H\u00f4tel des Ambassadeurs. Cette premi\u00e8re \u00e9dition est intitul\u00e9e \u00ab Ode \u00e0 la vie \u00bb. Plus de 200 artistes venus du monde entier (dont 35 des plus c\u00f4t\u00e9s)&nbsp;<a class=\"read-more\" href=\"https:\/\/biennale-bacs.com\/index.php\/communique-de-presse\/\">&hellip;<\/a><\/p>\n","protected":false},"author":1,"featured_media":0,"parent":0,"menu_order":0,"comment_status":"closed","ping_status":"closed","template":"","meta":{"ngg_post_thumbnail":0,"footnotes":""},"class_list":["post-271","page","type-page","status-publish","hentry"],"_links":{"self":[{"href":"https:\/\/biennale-bacs.com\/index.php\/wp-json\/wp\/v2\/pages\/271","targetHints":{"allow":["GET"]}}],"collection":[{"href":"https:\/\/biennale-bacs.com\/index.php\/wp-json\/wp\/v2\/pages"}],"about":[{"href":"https:\/\/biennale-bacs.com\/index.php\/wp-json\/wp\/v2\/types\/page"}],"author":[{"embeddable":true,"href":"https:\/\/biennale-bacs.com\/index.php\/wp-json\/wp\/v2\/users\/1"}],"replies":[{"embeddable":true,"href":"https:\/\/biennale-bacs.com\/index.php\/wp-json\/wp\/v2\/comments?post=271"}],"version-history":[{"count":3,"href":"https:\/\/biennale-bacs.com\/index.php\/wp-json\/wp\/v2\/pages\/271\/revisions"}],"predecessor-version":[{"id":281,"href":"https:\/\/biennale-bacs.com\/index.php\/wp-json\/wp\/v2\/pages\/271\/revisions\/281"}],"wp:attachment":[{"href":"https:\/\/biennale-bacs.com\/index.php\/wp-json\/wp\/v2\/media?parent=271"}],"curies":[{"name":"wp","href":"https:\/\/api.w.org\/{rel}","templated":true}]}}