{"id":273,"date":"2019-09-17T12:05:38","date_gmt":"2019-09-17T12:05:38","guid":{"rendered":"http:\/\/biennale-bacs.com\/?page_id=273"},"modified":"2019-09-17T12:10:18","modified_gmt":"2019-09-17T12:10:18","slug":"comunicato-stampa","status":"publish","type":"page","link":"https:\/\/biennale-bacs.com\/index.php\/comunicato-stampa\/","title":{"rendered":"Comunicato stampa"},"content":{"rendered":"\n<p>La prima Biennale di Arte Contemporanea Sacra a Mentone avr\u00e0 luogo dal 1 al 31 ottobre al Grand Hotel des Ambassadeurs. Questa prima edizione \u00e8 intitolata &#8220;Ode talla vita&#8221;.<\/p>\n\n\n\n<p>Oltre 200 artisti provenienti da tutto il mondo (fra i quali ci sono 35 pi\u00f9 quotati del pianeta): Europa ma anche Asia (India, Giappone e Cina), Sud America (Argentina e Bolivia) ed anche Nuova Zelanda, Australia e Sudafrica, nonch\u00e9 Stati Uniti, Canada e Russia si trovano riuniti per l\u2019occasione.<\/p>\n\n\n\n<p>Sei diversi spazi sono organizzati per tema, tra cui una prestigiosa mostra che rende omaggio ai pi\u00f9 grandi artisti contemporanei mancati come Basquiat, Kounillis, Chagall, Rauschenberg, Fontana, Cocteau, Dal\u00ec, Calder, Haring \u2026<\/p>\n\n\n\n<p>Sono presenti anche i grandi artisti viventi con le loro opere: Banksy, Damien Hirst, Joe Tilson, Enrico Baj, Daphne du Barry, Vasco Bendini, Brian Finch, Yayoi Kusama e altri.<\/p>\n\n\n\n<p>Sono esposte oltre 200 opere &#8211; dipinti, sculture, fotografie, cinema, musica, letteratura, architettura e design.<\/p>\n\n\n\n<p>In occasione dell&#8217;inaugurazione, una scultura monumentale sar\u00e0 installata in modo permanente.<\/p>\n\n\n\n<p>In uno dei giardini del Grand Hotel des Ambassadeurs, la scultura intitolata Notre-Dame des Innocents dell&#8217;artista olandese Daphn\u00e9 du Barry, sar\u00e0 presentata al grande pubblico e sar\u00e0 visibile ai passanti di tutti i giorni. In linea con il tema della Biennale, questa scultura sar\u00e0 un oggetto di pellegrinaggio per le persone che cercano di avere un figlio o che hanno difficolt\u00e0 con la prole.<\/p>\n\n\n\n<p><\/p>\n\n\n\n<p><strong>BACS (Biennale d\u2019Art Contemporain Sacr\u00e9)<\/strong><br>www.biennale-bacs.com<br>Email: contact@biennale-bacs.com<\/p>\n","protected":false},"excerpt":{"rendered":"<p>La prima Biennale di Arte Contemporanea Sacra a Mentone avr\u00e0 luogo dal 1 al 31 ottobre al Grand Hotel des Ambassadeurs. Questa prima edizione \u00e8 intitolata &#8220;Ode talla vita&#8221;. Oltre 200 artisti provenienti da tutto il mondo (fra i quali ci sono 35 pi\u00f9 quotati&nbsp;<a class=\"read-more\" href=\"https:\/\/biennale-bacs.com\/index.php\/comunicato-stampa\/\">&hellip;<\/a><\/p>\n","protected":false},"author":1,"featured_media":0,"parent":0,"menu_order":0,"comment_status":"closed","ping_status":"closed","template":"","meta":{"ngg_post_thumbnail":0,"footnotes":""},"class_list":["post-273","page","type-page","status-publish","hentry"],"_links":{"self":[{"href":"https:\/\/biennale-bacs.com\/index.php\/wp-json\/wp\/v2\/pages\/273","targetHints":{"allow":["GET"]}}],"collection":[{"href":"https:\/\/biennale-bacs.com\/index.php\/wp-json\/wp\/v2\/pages"}],"about":[{"href":"https:\/\/biennale-bacs.com\/index.php\/wp-json\/wp\/v2\/types\/page"}],"author":[{"embeddable":true,"href":"https:\/\/biennale-bacs.com\/index.php\/wp-json\/wp\/v2\/users\/1"}],"replies":[{"embeddable":true,"href":"https:\/\/biennale-bacs.com\/index.php\/wp-json\/wp\/v2\/comments?post=273"}],"version-history":[{"count":3,"href":"https:\/\/biennale-bacs.com\/index.php\/wp-json\/wp\/v2\/pages\/273\/revisions"}],"predecessor-version":[{"id":279,"href":"https:\/\/biennale-bacs.com\/index.php\/wp-json\/wp\/v2\/pages\/273\/revisions\/279"}],"wp:attachment":[{"href":"https:\/\/biennale-bacs.com\/index.php\/wp-json\/wp\/v2\/media?parent=273"}],"curies":[{"name":"wp","href":"https:\/\/api.w.org\/{rel}","templated":true}]}}