{"id":285,"date":"2019-09-17T12:16:33","date_gmt":"2019-09-17T12:16:33","guid":{"rendered":"http:\/\/biennale-bacs.com\/?page_id=285"},"modified":"2019-09-17T12:16:34","modified_gmt":"2019-09-17T12:16:34","slug":"invitation-a-la-presse","status":"publish","type":"page","link":"https:\/\/biennale-bacs.com\/index.php\/invitation-a-la-presse\/","title":{"rendered":"INVITATION A LA PRESSE"},"content":{"rendered":"\n<p><strong>Le Comit\u00e9 scientifique de la Biennale d\u2019Art Contemporain Sacr\u00e9 de Menton et sa Pr\u00e9sidente Liana Marabini<\/strong><\/p>\n\n\n\n<p>sont heureux de vous inviter \u00e0 la d\u00e9couverte de l&#8217;exposition de cette premi\u00e8re \u00e9dition qui r\u00e9unit plus de 200 artistes du monde entier (Europe mais aussi Asie &#8211; Inde, Japon et Chine; Am\u00e9rique du Sud &#8211; Argentine et Bolivie; Afrique du Sud et bien s\u00fbr les \u00c9tats-Unis, Canada et Russie), dont 35 parmi les plus c\u00f4t\u00e9s au monde. Le th\u00e8me de la Biennale est &#8220;Ode \u00e0 la vie&#8221;.<\/p>\n\n\n\n<p><strong>RENDEZ-VOUS Lundi 30 septembre \u00e0 11h30<\/strong><\/p>\n\n\n\n<p>A l\u2019occasion, une sculpture monumentale intitul\u00e9e &#8220;Notre-Dame des Innocents&#8221;, r\u00e9alis\u00e9e par l&#8217;artiste n\u00e9erlandaise Daphn\u00e9 du Barry, sera d\u00e9voil\u00e9e en honneur de la Presse.<\/p>\n\n\n\n<p>Un d\u00e9jeuner informel est offert \u00e0 tous les journalistes pr\u00e9sents et accr\u00e9dites.<\/p>\n\n\n\n<p>Merci de bien vouloir confirmer votre pr\u00e9sence:<br>contact@biennale-bacs.com<\/p>\n","protected":false},"excerpt":{"rendered":"<p>Le Comit\u00e9 scientifique de la Biennale d\u2019Art Contemporain Sacr\u00e9 de Menton et sa Pr\u00e9sidente Liana Marabini sont heureux de vous inviter \u00e0 la d\u00e9couverte de l&#8217;exposition de cette premi\u00e8re \u00e9dition qui r\u00e9unit plus de 200 artistes du monde entier (Europe mais aussi Asie &#8211; Inde,&nbsp;<a class=\"read-more\" href=\"https:\/\/biennale-bacs.com\/index.php\/invitation-a-la-presse\/\">&hellip;<\/a><\/p>\n","protected":false},"author":1,"featured_media":0,"parent":0,"menu_order":0,"comment_status":"closed","ping_status":"closed","template":"","meta":{"ngg_post_thumbnail":0,"footnotes":""},"class_list":["post-285","page","type-page","status-publish","hentry"],"_links":{"self":[{"href":"https:\/\/biennale-bacs.com\/index.php\/wp-json\/wp\/v2\/pages\/285","targetHints":{"allow":["GET"]}}],"collection":[{"href":"https:\/\/biennale-bacs.com\/index.php\/wp-json\/wp\/v2\/pages"}],"about":[{"href":"https:\/\/biennale-bacs.com\/index.php\/wp-json\/wp\/v2\/types\/page"}],"author":[{"embeddable":true,"href":"https:\/\/biennale-bacs.com\/index.php\/wp-json\/wp\/v2\/users\/1"}],"replies":[{"embeddable":true,"href":"https:\/\/biennale-bacs.com\/index.php\/wp-json\/wp\/v2\/comments?post=285"}],"version-history":[{"count":1,"href":"https:\/\/biennale-bacs.com\/index.php\/wp-json\/wp\/v2\/pages\/285\/revisions"}],"predecessor-version":[{"id":286,"href":"https:\/\/biennale-bacs.com\/index.php\/wp-json\/wp\/v2\/pages\/285\/revisions\/286"}],"wp:attachment":[{"href":"https:\/\/biennale-bacs.com\/index.php\/wp-json\/wp\/v2\/media?parent=285"}],"curies":[{"name":"wp","href":"https:\/\/api.w.org\/{rel}","templated":true}]}}