{"id":751,"date":"2021-07-29T09:42:40","date_gmt":"2021-07-29T09:42:40","guid":{"rendered":"https:\/\/biennale-bacs.com\/?page_id=751"},"modified":"2023-09-27T09:20:46","modified_gmt":"2023-09-27T09:20:46","slug":"committees-2023","status":"publish","type":"page","link":"https:\/\/biennale-bacs.com\/index.php\/committees-2023\/","title":{"rendered":"Committees 2023"},"content":{"rendered":"\n<p><strong>COMIT\u00c9 D\u2019HONNEUR&nbsp;<\/strong><\/p>\n\n\n\n<p><strong>Pr\u00e9sident&nbsp;<\/strong><\/p>\n\n\n\n<p><strong>S.E.R. Card. Gianfranco Ravasi (Vatican)<\/strong><br><strong>&nbsp;<\/strong><\/p>\n\n\n\n<p><strong>Membres (par ordre alphab\u00e9tique)&nbsp;<\/strong><\/p>\n\n\n\n<p>Brigitte Boccone-Pag\u00e8s (Monaco)&nbsp;<\/p>\n\n\n\n<p>Pr\u00e9sidente du Conseil National de la Principaut\u00e9 de Monaco&nbsp;<\/p>\n\n\n\n<p><br>Fran\u00e7ois Jacquot (France)\u00a0<\/p>\n\n\n\n<p>Collectionneur&nbsp;<\/p>\n\n\n\n<p><br>Gary Krupp (USA)\u00a0<\/p>\n\n\n\n<p>Pave the Way Foundation, New York&nbsp;<\/p>\n\n\n\n<p><br>Fran\u00e7oise L\u00e9onelli (France)\u00a0<\/p>\n\n\n\n<p>Conservateur en Chef, Mus\u00e9e Jean Cocteau, Menton&nbsp;<\/p>\n\n\n\n<p><br>Prince Nikolaus von Liechtenstein\u00a0<\/p>\n\n\n\n<p><br>Mauro Marabini (Monaco)\u00a0<\/p>\n\n\n\n<p>Collectionneur et m\u00e9c\u00e8ne&nbsp;<\/p>\n\n\n\n<p><br>Jean-Luc Marion (France)\u00a0<\/p>\n\n\n\n<p>de l\u2019Acad\u00e9mie Fran\u00e7aise&nbsp;<\/p>\n\n\n\n<p><br>Princesse Maria Pia Ruspoli (Italie)\u00a0<\/p>\n\n\n\n<p>M\u00e9c\u00e8ne&nbsp;<\/p>\n\n\n\n<p><br>Jean S\u00e9villia (France)\u00a0<\/p>\n\n\n\n<p>Historien et \u00e9crivain&nbsp;<\/p>\n\n\n\n<p><br>Anne Shea (USA)\u00a0<\/p>\n\n\n\n<p>M\u00e9c\u00e8ne&nbsp;<br><br><\/p>\n\n\n\n<p><\/p>\n\n\n\n<p><strong>COMIT\u00c9 SCIENTIFIQUE&nbsp;<\/strong><\/p>\n\n\n\n<p><strong>Pr\u00e9sidente&nbsp;<\/strong><\/p>\n\n\n\n<p><strong>Liana Marabini (Monaco)&nbsp;<\/strong><\/p>\n\n\n\n<p>\u00c9crivain, cin\u00e9aste et m\u00e9c\u00e8ne. Pr\u00e9sidente de la Biennale,&nbsp;<\/p>\n\n\n\n<p>Pr\u00e9sidente des M\u00e9c\u00e8nes des Mus\u00e9es du Vatican (Chapitre de Monaco)<br>&nbsp;<\/p>\n\n\n\n<p><strong>Membres (par ordre alphab\u00e9tique)\u00a0<\/strong><\/p>\n\n\n\n<p>Daniel Bo\u00e9ri (Monaco)&nbsp;<\/p>\n\n\n\n<p>Expert d\u2019art, Pr\u00e9sident de la Commission de la Culture et du Patrimoine, Conseil National de la Principaut\u00e9 de Monaco&nbsp;<\/p>\n\n\n\n<p><br>Maria Bologna (Monaco)\u00a0<\/p>\n\n\n\n<p>Journaliste&nbsp;<\/p>\n\n\n\n<p><br>Maria Lorena Franchi (Italie)\u00a0<\/p>\n\n\n\n<p>Experte d\u2019art&nbsp;<\/p>\n\n\n\n<p><br>Mgr. Ren\u00e9 Giuliano (Monaco)\u00a0<\/p>\n\n\n\n<p>Vicaire g\u00e9n\u00e9ral honoraire, Dioc\u00e8se de Monaco&nbsp;<\/p>\n\n\n\n<p><br>Giorgio Grasso (Italie)\u00a0<\/p>\n\n\n\n<p>Historien et critique d\u2019art&nbsp;<\/p>\n\n\n\n<p><br>Michel Imbert (France)\u00a0<\/p>\n\n\n\n<p>Historien de l\u2019art&nbsp;<\/p>\n\n\n\n<p><br>Elisabeth Lev (USA)\u00a0<\/p>\n\n\n\n<p>\u00c9crivain, historienne de l\u2019art, Duquesne University of Chicago&nbsp;<\/p>\n\n\n\n<p><br>Laura Marsotto (Italie)\u00a0<\/p>\n\n\n\n<p>M\u00e9c\u00e8ne&nbsp;<\/p>\n\n\n\n<p><br>Prof. Mar Morosse (Espagne)\u00a0<\/p>\n\n\n\n<p>Professeur d\u2019Histoire de l\u2019Art, University of New York&nbsp;<\/p>\n\n\n\n<p><\/p>\n","protected":false},"excerpt":{"rendered":"<p>COMIT\u00c9 D\u2019HONNEUR&nbsp; Pr\u00e9sident&nbsp; S.E.R. Card. Gianfranco Ravasi (Vatican)&nbsp; Membres (par ordre alphab\u00e9tique)&nbsp; Brigitte Boccone-Pag\u00e8s (Monaco)&nbsp; Pr\u00e9sidente du Conseil National de la Principaut\u00e9 de Monaco&nbsp; Fran\u00e7ois Jacquot (France)\u00a0 Collectionneur&nbsp; Gary Krupp (USA)\u00a0 Pave the Way Foundation, New York&nbsp; Fran\u00e7oise L\u00e9onelli (France)\u00a0 Conservateur en Chef, Mus\u00e9e Jean&nbsp;<a class=\"read-more\" href=\"https:\/\/biennale-bacs.com\/index.php\/committees-2023\/\">&hellip;<\/a><\/p>\n","protected":false},"author":1,"featured_media":0,"parent":0,"menu_order":0,"comment_status":"closed","ping_status":"closed","template":"","meta":{"ngg_post_thumbnail":0,"footnotes":""},"class_list":["post-751","page","type-page","status-publish","hentry"],"_links":{"self":[{"href":"https:\/\/biennale-bacs.com\/index.php\/wp-json\/wp\/v2\/pages\/751","targetHints":{"allow":["GET"]}}],"collection":[{"href":"https:\/\/biennale-bacs.com\/index.php\/wp-json\/wp\/v2\/pages"}],"about":[{"href":"https:\/\/biennale-bacs.com\/index.php\/wp-json\/wp\/v2\/types\/page"}],"author":[{"embeddable":true,"href":"https:\/\/biennale-bacs.com\/index.php\/wp-json\/wp\/v2\/users\/1"}],"replies":[{"embeddable":true,"href":"https:\/\/biennale-bacs.com\/index.php\/wp-json\/wp\/v2\/comments?post=751"}],"version-history":[{"count":8,"href":"https:\/\/biennale-bacs.com\/index.php\/wp-json\/wp\/v2\/pages\/751\/revisions"}],"predecessor-version":[{"id":1063,"href":"https:\/\/biennale-bacs.com\/index.php\/wp-json\/wp\/v2\/pages\/751\/revisions\/1063"}],"wp:attachment":[{"href":"https:\/\/biennale-bacs.com\/index.php\/wp-json\/wp\/v2\/media?parent=751"}],"curies":[{"name":"wp","href":"https:\/\/api.w.org\/{rel}","templated":true}]}}