{"id":981,"date":"2023-03-23T09:17:59","date_gmt":"2023-03-23T09:17:59","guid":{"rendered":"https:\/\/biennale-bacs.com\/?page_id=981"},"modified":"2023-08-09T09:52:14","modified_gmt":"2023-08-09T09:52:14","slug":"leo-wesel","status":"publish","type":"page","link":"https:\/\/biennale-bacs.com\/index.php\/leo-wesel\/","title":{"rendered":"Leo Wesel"},"content":{"rendered":"\n<p><strong>Exposition personnelle de Leo Wesel \u00e0 Menton<\/strong><\/p>\n\n\n\n<p><br>\u00ab R\u00eave et mat\u00e9rialit\u00e9 \u00bb est le titre de cette exposition qui pr\u00e9sente le travail de Leo Wesel, artiste contemporain de grande valeur artistique.<\/p>\n\n\n\n<figure class=\"wp-block-embed-youtube wp-block-embed is-type-video is-provider-youtube wp-embed-aspect-16-9 wp-has-aspect-ratio\"><div class=\"wp-block-embed__wrapper\">\n<iframe loading=\"lazy\" title=\"Personal exhibition by LEO WESEL\" width=\"1200\" height=\"675\" src=\"https:\/\/www.youtube.com\/embed\/bI7qBSqs4Ok?feature=oembed\" frameborder=\"0\" allow=\"accelerometer; autoplay; clipboard-write; encrypted-media; gyroscope; picture-in-picture; web-share\" allowfullscreen><\/iframe>\n<\/div><\/figure>\n\n\n\n<p>D\u00e8s son plus jeune \u00e2ge, Leo aime l&#8217;art. Il voit des formes dans la mati\u00e8re et des couleurs dans les \u00e9l\u00e9ments naturels. Sa sensibilit\u00e9 fait le reste et les portes de l&#8217;Acad\u00e9mie de Mode et de Design de La Haye lui sont ouvertes, jetant les bases qui seront ensuite consolid\u00e9es par l&#8217;Acad\u00e9mie des Beaux-Arts de Roosendaal. Leo Wesel a \u00e9t\u00e9 form\u00e9 et inspir\u00e9 par deux artistes expressionnistes : les professeurs Wil Bouthoorn (1916 &#8211; 2004) et Wim Sch\u00fctz (n\u00e9 en 1921).<\/p>\n\n\n\n<p>D\u00e9j\u00e0 avant l&#8217;\u00e2ge de trente ans, il \u00e9tait un artiste renomm\u00e9 dans son pays d&#8217;origine.<\/p>\n\n\n\n<p>D&#8217;autres artistes et de nouvelles sources d&#8217;inspiration fa\u00e7onnent son travail: Serge H\u00e9l\u00e9non, l&#8217;artiste franco-italien Bernhard Damiano et, plus r\u00e9cemment, les constructivistes hongrois Tam\u00e1s Konok et Istvan Nadler.<\/p>\n\n\n\n<p>Ses sources d&#8217;inspiration sont bien expliqu\u00e9es dans son dernier livre, &#8220;Beauty and Consolation&#8221;, une collection de merveilleuses lithographies.<\/p>\n\n\n\n<p>Huile sur toile pour ses peintures, fer, c\u00e9ramique, m\u00e9taux mixtes ou bois pour ses sculptures, les oeuvres de Leo Wesel r\u00e9unissent des \u00e9l\u00e9ments que la nature nous offre dans toute sa majest\u00e9.<\/p>\n\n\n\n<p>Cet artiste d&#8217;une sensibilit\u00e9 incomparable a su mettre sur la toile ou dans ses sculptures la vision d&#8217;un monde fait de d\u00e9tails qui rehaussent l&#8217;essence des choses.<\/p>\n\n\n\n<p>La nature et la lumi\u00e8re des lieux o\u00f9 il vit lui offrent la source d&#8217;\u00e9nergie n\u00e9cessaire \u00e0 la cr\u00e9ation de ses \u0153uvres ; le silence de Triora, village extraordinaire perch\u00e9 au c\u0153ur de la Ligurie, surnomm\u00e9 &#8220;le village des sorci\u00e8res&#8221; et o\u00f9 elle vit la plupart du temps, inspire les formes et les couleurs de ses cr\u00e9ations.<\/p>\n\n\n\n<p>Ouvrier, artisan, artiste ? Leo Wesel est tout cela. Son \u0153uvre rappelle les paroles de saint Fran\u00e7ois d&#8217;Assise : \u00ab Celui qui travaille de ses mains est un travailleur. Quiconque travaille avec ses mains et sa t\u00eate est un artisan. Quiconque travaille avec ses mains, sa t\u00eate et son c\u0153ur est un artiste \u00bb.<\/p>\n\n\n\n<p>L&#8217;exposition se d\u00e9roule dans les salles du GAM (Galerie des Ambassadeurs Menton), au Palais des Ambassadeurs et est organis\u00e9e par la BACS (Biennale d&#8217;Art Contemporain Sacr\u00e9 &#8211;&nbsp;<a href=\"http:\/\/www.biennale-bacs.com\/\">www.biennale-bacs.com<\/a>).<\/p>\n\n\n\n<p>Durant l&#8217;exposition, l&#8217;artiste sera souvent pr\u00e9sent pour accueillir les visiteurs. Ce sera l&#8217;occasion d&#8217;en savoir plus sur le cr\u00e9ateur des cinquante \u0153uvres pr\u00e9sent\u00e9es.<\/p>\n\n\n\n<p>Cette exposition est un hommage au travail acharn\u00e9 d&#8217;un artiste qui ne m\u00e9nage pas ses efforts pour cr\u00e9er de la beaut\u00e9. Son travail nous rappelle que tout ce dont nous avons besoin pour cr\u00e9er se trouve dans la nature.<\/p>\n\n\n\n<p><br>Palace des Ambassadeurs &#8211; 3 rue Partouneaux &#8211; Menton<\/p>\n\n\n\n<p><strong>Tous les jours, du 1er avril au 1er mai 2023, de 10h00 \u00e0 19h00.<\/strong><\/p>\n\n\n\n<p><em>ENTR\u00c9E LIBRE.<\/em><\/p>\n\n\n\n<figure class=\"wp-block-image\"><img loading=\"lazy\" decoding=\"async\" width=\"735\" height=\"1024\" src=\"https:\/\/biennale-bacs.com\/wp-content\/uploads\/2023\/08\/LeoWesel-735x1024.png\" alt=\"\" class=\"wp-image-1026\" srcset=\"https:\/\/biennale-bacs.com\/wp-content\/uploads\/2023\/08\/LeoWesel-735x1024.png 735w, https:\/\/biennale-bacs.com\/wp-content\/uploads\/2023\/08\/LeoWesel-215x300.png 215w, https:\/\/biennale-bacs.com\/wp-content\/uploads\/2023\/08\/LeoWesel-768x1070.png 768w, https:\/\/biennale-bacs.com\/wp-content\/uploads\/2023\/08\/LeoWesel.png 1298w\" sizes=\"auto, (max-width: 735px) 100vw, 735px\" \/><figcaption>CATALOGUE DE L&#8217;EXPOSITION<\/figcaption><\/figure>\n\n\n\n<p><br><\/p>\n","protected":false},"excerpt":{"rendered":"<p>Exposition personnelle de Leo Wesel \u00e0 Menton \u00ab R\u00eave et mat\u00e9rialit\u00e9 \u00bb est le titre de cette exposition qui pr\u00e9sente le travail de Leo Wesel, artiste contemporain de grande valeur artistique. D\u00e8s son plus jeune \u00e2ge, Leo aime l&#8217;art. Il voit des formes dans la&nbsp;<a class=\"read-more\" href=\"https:\/\/biennale-bacs.com\/index.php\/leo-wesel\/\">&hellip;<\/a><\/p>\n","protected":false},"author":1,"featured_media":0,"parent":0,"menu_order":0,"comment_status":"closed","ping_status":"closed","template":"","meta":{"ngg_post_thumbnail":0,"footnotes":""},"class_list":["post-981","page","type-page","status-publish","hentry"],"_links":{"self":[{"href":"https:\/\/biennale-bacs.com\/index.php\/wp-json\/wp\/v2\/pages\/981","targetHints":{"allow":["GET"]}}],"collection":[{"href":"https:\/\/biennale-bacs.com\/index.php\/wp-json\/wp\/v2\/pages"}],"about":[{"href":"https:\/\/biennale-bacs.com\/index.php\/wp-json\/wp\/v2\/types\/page"}],"author":[{"embeddable":true,"href":"https:\/\/biennale-bacs.com\/index.php\/wp-json\/wp\/v2\/users\/1"}],"replies":[{"embeddable":true,"href":"https:\/\/biennale-bacs.com\/index.php\/wp-json\/wp\/v2\/comments?post=981"}],"version-history":[{"count":7,"href":"https:\/\/biennale-bacs.com\/index.php\/wp-json\/wp\/v2\/pages\/981\/revisions"}],"predecessor-version":[{"id":1027,"href":"https:\/\/biennale-bacs.com\/index.php\/wp-json\/wp\/v2\/pages\/981\/revisions\/1027"}],"wp:attachment":[{"href":"https:\/\/biennale-bacs.com\/index.php\/wp-json\/wp\/v2\/media?parent=981"}],"curies":[{"name":"wp","href":"https:\/\/api.w.org\/{rel}","templated":true}]}}